{"id":2247,"date":"2022-03-27T16:19:04","date_gmt":"2022-03-27T16:19:04","guid":{"rendered":"https:\/\/babakish.com\/?page_id=2247"},"modified":"2023-03-23T14:35:28","modified_gmt":"2023-03-23T14:35:28","slug":"%d9%82%d8%a7%d8%a6%d9%85%d8%a9-%d8%b1%d9%85%d8%b6%d8%a7%d9%86","status":"publish","type":"page","link":"https:\/\/babakish.com\/ar\/%d9%82%d8%a7%d8%a6%d9%85%d8%a9-%d8%b1%d9%85%d8%b6%d8%a7%d9%86\/","title":{"rendered":"\u0642\u0627\u0626\u0645\u0629 \u0631\u0645\u0636\u0627\u0646"},"content":{"rendered":"<div class=\"fusion-fullwidth fullwidth-box fusion-builder-row-1 fusion-flex-container nonhundred-percent-fullwidth non-hundred-percent-height-scrolling\" style=\"background-color: rgba(255,255,255,0);background-position: center center;background-repeat: no-repeat;border-width: 0px 0px 0px 0px;border-color:#e2e2e2;border-style:solid;\" ><div class=\"fusion-builder-row fusion-row fusion-flex-align-items-flex-start\" style=\"max-width:1248px;margin-left: calc(-4% \/ 2 );margin-right: calc(-4% \/ 2 );\"><div class=\"fusion-layout-column fusion_builder_column fusion-builder-column-0 fusion_builder_column_1_1 1_1 fusion-flex-column\"><div class=\"fusion-column-wrapper fusion-flex-justify-content-flex-start fusion-content-layout-column\" style=\"background-position:left top;background-repeat:no-repeat;-webkit-background-size:cover;-moz-background-size:cover;-o-background-size:cover;background-size:cover;padding: 0px 0px 0px 0px;\"><style type=\"text\/css\">@media only screen and (max-width:1024px) {.fusion-title.fusion-title-1{margin-top:0px!important; margin-right:0px!important;margin-bottom:20px!important;margin-left:0px!important;}}@media only screen and (max-width:640px) {.fusion-title.fusion-title-1{margin-top:0px!important; margin-right:0px!important;margin-bottom:20px!important; margin-left:0px!important;}}<\/style><div class=\"fusion-title title fusion-title-1 fusion-sep-none fusion-title-text fusion-title-size-one\" style=\"margin-top:0px;margin-right:0px;margin-bottom:20px;margin-left:0px;\"><h1 class=\"title-heading-left\" style=\"margin:0;\"><h2 style=\"text-align: center;\">\u0642\u0627\u0626\u0645\u0629 \u0631\u0645\u0636\u0627\u0646\u064a\u0629 \u062e\u0627\u0635\u0629: \u0641\u0637\u0648\u0631 \u0644\u0628\u0646\u0627\u0646\u064a \u0641\u064a \u0645\u0631\u0627\u0643\u0634 \u0641\u064a \u0627\u0644\u0645\u0648\u0642\u0639 \u060c \u0644\u0644\u0637\u0644\u0628\u0627\u062a \u0627\u0644\u062e\u0627\u0631\u062c\u064a\u0629 \u0623\u0648 \u0639\u0646\u062f \u0627\u0644\u062a\u0648\u0635\u064a\u0644!<\/h2>\n<p style=\"text-align: center;\">\u062e\u0644\u0627\u0644 \u0641\u062a\u0631\u0629 \u0631\u0645\u0636\u0627\u0646 \u0646\u0642\u062f\u0645 \u0644\u0643 \u0642\u0627\u0626\u0645\u0629 \u0637\u0639\u0627\u0645 \u062e\u0627\u0635\u0629 \u0641\u064a \u0645\u0637\u0639\u0645\u0646\u0627 \u0627\u0644\u0644\u0628\u0646\u0627\u0646\u064a \u0641\u064a \u0645\u0631\u0627\u0643\u0634.<\/p>\n<p style=\"text-align: center;\">\u0642\u0645 \u0628\u0625\u062c\u0631\u0627\u0621 \u0637\u0644\u0628\u0643 \u0623\u0648 \u0627\u0644\u062d\u062c\u0632 \u0641\u064a \u0623\u0642\u0631\u0628 \u0648\u0642\u062a \u0645\u0645\u0643\u0646 \u0639\u0644\u0649 +212650 012150 \u0623\u0648 \u0639\u0644\u0649 +212524420200<\/p><\/h1><\/div><div style=\"text-align:center;\"><span class=\" fusion-imageframe imageframe-none imageframe-1 hover-type-none\"><img decoding=\"async\" width=\"1240\" height=\"1755\" title=\"IMPRE MENU_page-0002\" src=\"https:\/\/babakish.com\/wp-content\/uploads\/2023\/03\/IMPRE-MENU_page-0002.jpg\" data-orig-src=\"https:\/\/babakish.com\/wp-content\/uploads\/2023\/03\/IMPRE-MENU_page-0002.jpg\" class=\"lazyload img-responsive wp-image-4192\" srcset=\"data:image\/svg+xml,%3Csvg%20xmlns%3D%27http%3A%2F%2Fwww.w3.org%2F2000%2Fsvg%27%20width%3D%271240%27%20height%3D%271755%27%20viewBox%3D%270%200%201240%201755%27%3E%3Crect%20width%3D%271240%27%20height%3D%271755%27%20fill-opacity%3D%220%22%2F%3E%3C%2Fsvg%3E\" data-srcset=\"https:\/\/babakish.com\/wp-content\/uploads\/2023\/03\/IMPRE-MENU_page-0002-200x283.jpg 200w, https:\/\/babakish.com\/wp-content\/uploads\/2023\/03\/IMPRE-MENU_page-0002-400x566.jpg 400w, https:\/\/babakish.com\/wp-content\/uploads\/2023\/03\/IMPRE-MENU_page-0002-600x849.jpg 600w, https:\/\/babakish.com\/wp-content\/uploads\/2023\/03\/IMPRE-MENU_page-0002-800x1132.jpg 800w, https:\/\/babakish.com\/wp-content\/uploads\/2023\/03\/IMPRE-MENU_page-0002-1200x1698.jpg 1200w, https:\/\/babakish.com\/wp-content\/uploads\/2023\/03\/IMPRE-MENU_page-0002.jpg 1240w\" data-sizes=\"auto\" data-orig-sizes=\"(max-width: 1024px) 100vw, (max-width: 640px) 100vw, 1200px\" \/><\/span><\/div><style type=\"text\/css\">@media only screen and (max-width:1024px) {.fusion-title.fusion-title-2{margin-top:0px!important; margin-right:0px!important;margin-bottom:20px!important;margin-left:0px!important;}}@media only screen and (max-width:640px) {.fusion-title.fusion-title-2{margin-top:0px!important; margin-right:0px!important;margin-bottom:20px!important; margin-left:0px!important;}}<\/style><div class=\"fusion-title title fusion-title-2 fusion-sep-none fusion-title-text fusion-title-size-one\" style=\"margin-top:0px;margin-right:0px;margin-bottom:20px;margin-left:0px;\"><h1 class=\"title-heading-left\" style=\"margin:0;\"><h2 style=\"text-align: center;\"><\/h2>\n<p style=\"text-align: center;\">\u0646\u0642\u062f\u0645 \u0623\u064a\u0636\u064b\u0627 \u062e\u062f\u0645\u0629 \u062a\u0642\u062f\u064a\u0645 \u0627\u0644\u0637\u0639\u0627\u0645 \u0627\u0644\u062d\u0635\u0631\u064a\u0629 \u0644\u0634\u0647\u0631 \u0631\u0645\u0636\u0627\u0646 \u060c \u0636\u0639 \u0637\u0644\u0628\u0643 \u0639\u0644\u0649 + 212 650 012150 \u0623\u0648 +212524420200.<\/p>\n<p style=\"text-align: center;\">\u0627\u0633\u062a\u0645\u062a\u0639 \u0628\u0645\u0637\u0639\u0645\u0643 \u0627\u0644\u0644\u0628\u0646\u0627\u0646\u064a \u0641\u064a \u0645\u0631\u0627\u0643\u0634 \u0641\u064a \u0627\u0644\u062a\u0633\u0644\u064a\u0645 \u0623\u0648 \u0644\u0644\u0637\u0644\u0628\u0627\u062a \u0627\u0644\u062e\u0627\u0631\u062c\u064a\u0629.<\/p><\/h1><\/div><div style=\"text-align:center;\"><span class=\" fusion-imageframe imageframe-none imageframe-2 hover-type-none\" style=\"margin-top:5px;\"><img decoding=\"async\" width=\"1240\" height=\"1755\" title=\"IMPRE MENU_page-0004\" src=\"https:\/\/babakish.com\/wp-content\/uploads\/2023\/03\/IMPRE-MENU_page-0004.jpg\" data-orig-src=\"https:\/\/babakish.com\/wp-content\/uploads\/2023\/03\/IMPRE-MENU_page-0004.jpg\" class=\"lazyload img-responsive wp-image-4195\" srcset=\"data:image\/svg+xml,%3Csvg%20xmlns%3D%27http%3A%2F%2Fwww.w3.org%2F2000%2Fsvg%27%20width%3D%271240%27%20height%3D%271755%27%20viewBox%3D%270%200%201240%201755%27%3E%3Crect%20width%3D%271240%27%20height%3D%271755%27%20fill-opacity%3D%220%22%2F%3E%3C%2Fsvg%3E\" data-srcset=\"https:\/\/babakish.com\/wp-content\/uploads\/2023\/03\/IMPRE-MENU_page-0004-200x283.jpg 200w, https:\/\/babakish.com\/wp-content\/uploads\/2023\/03\/IMPRE-MENU_page-0004-400x566.jpg 400w, https:\/\/babakish.com\/wp-content\/uploads\/2023\/03\/IMPRE-MENU_page-0004-600x849.jpg 600w, https:\/\/babakish.com\/wp-content\/uploads\/2023\/03\/IMPRE-MENU_page-0004-800x1132.jpg 800w, https:\/\/babakish.com\/wp-content\/uploads\/2023\/03\/IMPRE-MENU_page-0004-1200x1698.jpg 1200w, https:\/\/babakish.com\/wp-content\/uploads\/2023\/03\/IMPRE-MENU_page-0004.jpg 1240w\" data-sizes=\"auto\" data-orig-sizes=\"(max-width: 1024px) 100vw, (max-width: 640px) 100vw, 1200px\" \/><\/span><\/div><\/div><style type=\"text\/css\">.fusion-body .fusion-builder-column-0{width:100% !important;margin-top : 0px;margin-bottom : 20px;}.fusion-builder-column-0 > .fusion-column-wrapper {padding-top : 0px !important;padding-right : 0px !important;margin-right : 1.92%;padding-bottom : 0px !important;padding-left : 0px !important;margin-left : 1.92%;}@media only screen and (max-width:1024px) {.fusion-body .fusion-builder-column-0{width:100% !important;order : 0;}.fusion-builder-column-0 > .fusion-column-wrapper {margin-right : 1.92%;margin-left : 1.92%;}}@media only screen and (max-width:640px) {.fusion-body .fusion-builder-column-0{width:100% !important;order : 0;}.fusion-builder-column-0 > .fusion-column-wrapper {margin-right : 1.92%;margin-left : 1.92%;}}<\/style><\/div><\/div><style type=\"text\/css\">.fusion-body .fusion-flex-container.fusion-builder-row-1{ padding-top : 0px;margin-top : 0px;padding-right : 0px;padding-bottom : 0px;margin-bottom : 0px;padding-left : 0px;}<\/style><\/div>\n","protected":false},"excerpt":{"rendered":"","protected":false},"author":1,"featured_media":0,"parent":0,"menu_order":0,"comment_status":"closed","ping_status":"closed","template":"","meta":{"footnotes":""},"class_list":["post-2247","page","type-page","status-publish","hentry"],"aioseo_notices":[],"yoast_head":"<!-- This site is optimized with the Yoast SEO plugin v26.5 - https:\/\/yoast.com\/wordpress\/plugins\/seo\/ -->\n<title>\u0627\u0644\u0642\u0627\u0626\u0645\u0629 \u0631\u0645\u0636\u0627\u0646 &amp; \u0645\u0637\u0639\u0645 \u0644\u0628\u0646\u0627\u0646\u064a \u0641\u064a \u0645\u0631\u0627\u0643\u0634<\/title>\n<meta name=\"description\" content=\"Babakish est l&#039;un des meilleurs restaurants libanais Marrakech. D\u00e9couvrez nos plats libanais D\u00e9licieux \u00e0 Marrakech durant tout le mois du Ramadan.\" \/>\n<meta name=\"robots\" content=\"index, follow, max-snippet:-1, max-image-preview:large, max-video-preview:-1\" \/>\n<link rel=\"canonical\" href=\"https:\/\/babakish.com\/ar\/\u0642\u0627\u0626\u0645\u0629-\u0631\u0645\u0636\u0627\u0646\/\" \/>\n<meta property=\"og:locale\" content=\"ar_AR\" \/>\n<meta property=\"og:type\" content=\"article\" \/>\n<meta property=\"og:title\" content=\"\u0627\u0644\u0642\u0627\u0626\u0645\u0629 \u0631\u0645\u0636\u0627\u0646 &amp; \u0645\u0637\u0639\u0645 \u0644\u0628\u0646\u0627\u0646\u064a \u0641\u064a \u0645\u0631\u0627\u0643\u0634\" \/>\n<meta property=\"og:description\" content=\"Babakish est l&#039;un des meilleurs restaurants libanais Marrakech. D\u00e9couvrez nos plats libanais D\u00e9licieux \u00e0 Marrakech durant tout le mois du Ramadan.\" \/>\n<meta property=\"og:url\" content=\"https:\/\/babakish.com\/ar\/\u0642\u0627\u0626\u0645\u0629-\u0631\u0645\u0636\u0627\u0646\/\" \/>\n<meta property=\"og:site_name\" content=\"BABAKISH\" \/>\n<meta property=\"article:modified_time\" content=\"2023-03-23T14:35:28+00:00\" \/>\n<meta name=\"twitter:card\" content=\"summary_large_image\" \/>\n<meta name=\"twitter:label1\" content=\"\u0648\u0642\u062a \u0627\u0644\u0642\u0631\u0627\u0621\u0629 \u0627\u0644\u0645\u064f\u0642\u062f\u0651\u0631\" \/>\n\t<meta name=\"twitter:data1\" content=\"3 \u062f\u0642\u0627\u0626\u0642\" \/>\n<script type=\"application\/ld+json\" class=\"yoast-schema-graph\">{\"@context\":\"https:\/\/schema.org\",\"@graph\":[{\"@type\":\"WebPage\",\"@id\":\"https:\/\/babakish.com\/ar\/%d9%82%d8%a7%d8%a6%d9%85%d8%a9-%d8%b1%d9%85%d8%b6%d8%a7%d9%86\/\",\"url\":\"https:\/\/babakish.com\/ar\/%d9%82%d8%a7%d8%a6%d9%85%d8%a9-%d8%b1%d9%85%d8%b6%d8%a7%d9%86\/\",\"name\":\"\u0627\u0644\u0642\u0627\u0626\u0645\u0629 \u0631\u0645\u0636\u0627\u0646 & \u0645\u0637\u0639\u0645 \u0644\u0628\u0646\u0627\u0646\u064a \u0641\u064a \u0645\u0631\u0627\u0643\u0634\",\"isPartOf\":{\"@id\":\"https:\/\/babakish.com\/ar\/#website\"},\"datePublished\":\"2022-03-27T16:19:04+00:00\",\"dateModified\":\"2023-03-23T14:35:28+00:00\",\"description\":\"Babakish est l'un des meilleurs restaurants libanais Marrakech. D\u00e9couvrez nos plats libanais D\u00e9licieux \u00e0 Marrakech durant tout le mois du Ramadan.\",\"breadcrumb\":{\"@id\":\"https:\/\/babakish.com\/ar\/%d9%82%d8%a7%d8%a6%d9%85%d8%a9-%d8%b1%d9%85%d8%b6%d8%a7%d9%86\/#breadcrumb\"},\"inLanguage\":\"ar\",\"potentialAction\":[{\"@type\":\"ReadAction\",\"target\":[\"https:\/\/babakish.com\/ar\/%d9%82%d8%a7%d8%a6%d9%85%d8%a9-%d8%b1%d9%85%d8%b6%d8%a7%d9%86\/\"]}]},{\"@type\":\"BreadcrumbList\",\"@id\":\"https:\/\/babakish.com\/ar\/%d9%82%d8%a7%d8%a6%d9%85%d8%a9-%d8%b1%d9%85%d8%b6%d8%a7%d9%86\/#breadcrumb\",\"itemListElement\":[{\"@type\":\"ListItem\",\"position\":1,\"name\":\"Accueil\",\"item\":\"https:\/\/babakish.com\/ar\/%d8%a7%d9%84%d8%b1%d9%8a%d8%b3%d9%8a%d8%a9\/\"},{\"@type\":\"ListItem\",\"position\":2,\"name\":\"\u0642\u0627\u0626\u0645\u0629 \u0631\u0645\u0636\u0627\u0646\"}]},{\"@type\":\"WebSite\",\"@id\":\"https:\/\/babakish.com\/ar\/#website\",\"url\":\"https:\/\/babakish.com\/ar\/\",\"name\":\"BABAKISH\",\"description\":\"Restaurant Libanais Marrakech\",\"potentialAction\":[{\"@type\":\"SearchAction\",\"target\":{\"@type\":\"EntryPoint\",\"urlTemplate\":\"https:\/\/babakish.com\/ar\/?s={search_term_string}\"},\"query-input\":{\"@type\":\"PropertyValueSpecification\",\"valueRequired\":true,\"valueName\":\"search_term_string\"}}],\"inLanguage\":\"ar\"}]}<\/script>\n<!-- \/ Yoast SEO plugin. -->","yoast_head_json":{"title":"\u0627\u0644\u0642\u0627\u0626\u0645\u0629 \u0631\u0645\u0636\u0627\u0646 & \u0645\u0637\u0639\u0645 \u0644\u0628\u0646\u0627\u0646\u064a \u0641\u064a \u0645\u0631\u0627\u0643\u0634","description":"Babakish est l'un des meilleurs restaurants libanais Marrakech. D\u00e9couvrez nos plats libanais D\u00e9licieux \u00e0 Marrakech durant tout le mois du Ramadan.","robots":{"index":"index","follow":"follow","max-snippet":"max-snippet:-1","max-image-preview":"max-image-preview:large","max-video-preview":"max-video-preview:-1"},"canonical":"https:\/\/babakish.com\/ar\/\u0642\u0627\u0626\u0645\u0629-\u0631\u0645\u0636\u0627\u0646\/","og_locale":"ar_AR","og_type":"article","og_title":"\u0627\u0644\u0642\u0627\u0626\u0645\u0629 \u0631\u0645\u0636\u0627\u0646 & \u0645\u0637\u0639\u0645 \u0644\u0628\u0646\u0627\u0646\u064a \u0641\u064a \u0645\u0631\u0627\u0643\u0634","og_description":"Babakish est l'un des meilleurs restaurants libanais Marrakech. D\u00e9couvrez nos plats libanais D\u00e9licieux \u00e0 Marrakech durant tout le mois du Ramadan.","og_url":"https:\/\/babakish.com\/ar\/\u0642\u0627\u0626\u0645\u0629-\u0631\u0645\u0636\u0627\u0646\/","og_site_name":"BABAKISH","article_modified_time":"2023-03-23T14:35:28+00:00","twitter_card":"summary_large_image","twitter_misc":{"\u0648\u0642\u062a \u0627\u0644\u0642\u0631\u0627\u0621\u0629 \u0627\u0644\u0645\u064f\u0642\u062f\u0651\u0631":"3 \u062f\u0642\u0627\u0626\u0642"},"schema":{"@context":"https:\/\/schema.org","@graph":[{"@type":"WebPage","@id":"https:\/\/babakish.com\/ar\/%d9%82%d8%a7%d8%a6%d9%85%d8%a9-%d8%b1%d9%85%d8%b6%d8%a7%d9%86\/","url":"https:\/\/babakish.com\/ar\/%d9%82%d8%a7%d8%a6%d9%85%d8%a9-%d8%b1%d9%85%d8%b6%d8%a7%d9%86\/","name":"\u0627\u0644\u0642\u0627\u0626\u0645\u0629 \u0631\u0645\u0636\u0627\u0646 & \u0645\u0637\u0639\u0645 \u0644\u0628\u0646\u0627\u0646\u064a \u0641\u064a \u0645\u0631\u0627\u0643\u0634","isPartOf":{"@id":"https:\/\/babakish.com\/ar\/#website"},"datePublished":"2022-03-27T16:19:04+00:00","dateModified":"2023-03-23T14:35:28+00:00","description":"Babakish est l'un des meilleurs restaurants libanais Marrakech. D\u00e9couvrez nos plats libanais D\u00e9licieux \u00e0 Marrakech durant tout le mois du Ramadan.","breadcrumb":{"@id":"https:\/\/babakish.com\/ar\/%d9%82%d8%a7%d8%a6%d9%85%d8%a9-%d8%b1%d9%85%d8%b6%d8%a7%d9%86\/#breadcrumb"},"inLanguage":"ar","potentialAction":[{"@type":"ReadAction","target":["https:\/\/babakish.com\/ar\/%d9%82%d8%a7%d8%a6%d9%85%d8%a9-%d8%b1%d9%85%d8%b6%d8%a7%d9%86\/"]}]},{"@type":"BreadcrumbList","@id":"https:\/\/babakish.com\/ar\/%d9%82%d8%a7%d8%a6%d9%85%d8%a9-%d8%b1%d9%85%d8%b6%d8%a7%d9%86\/#breadcrumb","itemListElement":[{"@type":"ListItem","position":1,"name":"Accueil","item":"https:\/\/babakish.com\/ar\/%d8%a7%d9%84%d8%b1%d9%8a%d8%b3%d9%8a%d8%a9\/"},{"@type":"ListItem","position":2,"name":"\u0642\u0627\u0626\u0645\u0629 \u0631\u0645\u0636\u0627\u0646"}]},{"@type":"WebSite","@id":"https:\/\/babakish.com\/ar\/#website","url":"https:\/\/babakish.com\/ar\/","name":"BABAKISH","description":"Restaurant Libanais Marrakech","potentialAction":[{"@type":"SearchAction","target":{"@type":"EntryPoint","urlTemplate":"https:\/\/babakish.com\/ar\/?s={search_term_string}"},"query-input":{"@type":"PropertyValueSpecification","valueRequired":true,"valueName":"search_term_string"}}],"inLanguage":"ar"}]}},"_links":{"self":[{"href":"https:\/\/babakish.com\/ar\/wp-json\/wp\/v2\/pages\/2247","targetHints":{"allow":["GET"]}}],"collection":[{"href":"https:\/\/babakish.com\/ar\/wp-json\/wp\/v2\/pages"}],"about":[{"href":"https:\/\/babakish.com\/ar\/wp-json\/wp\/v2\/types\/page"}],"author":[{"embeddable":true,"href":"https:\/\/babakish.com\/ar\/wp-json\/wp\/v2\/users\/1"}],"replies":[{"embeddable":true,"href":"https:\/\/babakish.com\/ar\/wp-json\/wp\/v2\/comments?post=2247"}],"version-history":[{"count":5,"href":"https:\/\/babakish.com\/ar\/wp-json\/wp\/v2\/pages\/2247\/revisions"}],"predecessor-version":[{"id":4227,"href":"https:\/\/babakish.com\/ar\/wp-json\/wp\/v2\/pages\/2247\/revisions\/4227"}],"wp:attachment":[{"href":"https:\/\/babakish.com\/ar\/wp-json\/wp\/v2\/media?parent=2247"}],"curies":[{"name":"wp","href":"https:\/\/api.w.org\/{rel}","templated":true}]}}